{"id":2481,"date":"2020-09-13T10:12:26","date_gmt":"2020-09-13T10:12:26","guid":{"rendered":"https:\/\/www.ramblaabogadosyasesores.com\/homepage\/"},"modified":"2021-02-23T11:15:06","modified_gmt":"2021-02-23T11:15:06","slug":"homepage","status":"publish","type":"page","link":"https:\/\/www.ramblaabogadosyasesores.com\/ca\/","title":{"rendered":"Homepage"},"content":{"rendered":"\t\t<div data-elementor-type=\"wp-page\" data-elementor-id=\"2481\" class=\"elementor elementor-2481 elementor-41\">\n\t\t\t\t\t\t<section class=\"elementor-section elementor-top-section elementor-element elementor-element-24a2f87 elementor-section-height-full elementor-section-boxed elementor-section-height-default elementor-section-items-middle\" data-id=\"24a2f87\" data-element_type=\"section\" data-settings=\"{&quot;background_background&quot;:&quot;classic&quot;}\">\n\t\t\t\t\t\t<div class=\"elementor-container elementor-column-gap-default\">\n\t\t\t\t\t<div class=\"elementor-column elementor-col-100 elementor-top-column elementor-element elementor-element-dd849f8\" data-id=\"dd849f8\" data-element_type=\"column\" data-settings=\"{&quot;background_background&quot;:&quot;classic&quot;}\">\n\t\t\t<div class=\"elementor-widget-wrap elementor-element-populated\">\n\t\t\t\t\t\t<section class=\"elementor-section elementor-inner-section elementor-element elementor-element-034964e elementor-section-boxed elementor-section-height-default elementor-section-height-default\" data-id=\"034964e\" data-element_type=\"section\">\n\t\t\t\t\t\t<div class=\"elementor-container elementor-column-gap-default\">\n\t\t\t\t\t<div class=\"elementor-column elementor-col-100 elementor-inner-column elementor-element elementor-element-95214fd\" data-id=\"95214fd\" data-element_type=\"column\">\n\t\t\t<div class=\"elementor-widget-wrap elementor-element-populated\">\n\t\t\t\t\t\t<div class=\"elementor-element elementor-element-9245bb4 elementor-widget elementor-widget-heading\" data-id=\"9245bb4\" data-element_type=\"widget\" data-widget_type=\"heading.default\">\n\t\t\t\t<div class=\"elementor-widget-container\">\n\t\t\t\t\t<h2 class=\"elementor-heading-title elementor-size-default\"><strong>Rambla<\/Strong> Advocats i Assessors<\/h2>\t\t\t\t<\/div>\n\t\t\t\t<\/div>\n\t\t\t\t<div class=\"elementor-element elementor-element-6c931db elementor-widget elementor-widget-heading\" data-id=\"6c931db\" data-element_type=\"widget\" data-widget_type=\"heading.default\">\n\t\t\t\t<div class=\"elementor-widget-container\">\n\t\t\t\t\t<div class=\"elementor-heading-title elementor-size-default\">Professionalitat, experi\u00e8ncia i confian\u00e7a<\/div>\t\t\t\t<\/div>\n\t\t\t\t<\/div>\n\t\t\t\t<div class=\"elementor-element elementor-element-842d93e elementor-widget elementor-widget-text-editor\" data-id=\"842d93e\" data-element_type=\"widget\" data-widget_type=\"text-editor.default\">\n\t\t\t\t<div class=\"elementor-widget-container\">\n\t\t\t\t\t\t\t\t\t<p>Oferim un tracte personalitzat i directe i l&#8217;assessorament jur\u00eddic, fiscal, comptable i empresarial m\u00e9s adequat, innovador i eficient.<\/p>\n\t\t\t\t\t\t\t\t<\/div>\n\t\t\t\t<\/div>\n\t\t\t\t<div class=\"elementor-element elementor-element-0172b5a elementor-align-center elementor-widget elementor-widget-button\" data-id=\"0172b5a\" data-element_type=\"widget\" data-widget_type=\"button.default\">\n\t\t\t\t<div class=\"elementor-widget-container\">\n\t\t\t\t\t\t\t\t\t<div class=\"elementor-button-wrapper\">\n\t\t\t\t\t<a class=\"elementor-button elementor-button-link elementor-size-sm\" href=\"https:\/\/www.ramblaabogadosyasesores.com\/ca\/contacto\/\">\n\t\t\t\t\t\t<span class=\"elementor-button-content-wrapper\">\n\t\t\t\t\t\t\t\t\t<span class=\"elementor-button-text\">CONTACTI AMB NOSALTRES <\/span>\n\t\t\t\t\t<\/span>\n\t\t\t\t\t<\/a>\n\t\t\t\t<\/div>\n\t\t\t\t\t\t\t\t<\/div>\n\t\t\t\t<\/div>\n\t\t\t\t\t<\/div>\n\t\t<\/div>\n\t\t\t\t\t<\/div>\n\t\t<\/section>\n\t\t\t\t\t<\/div>\n\t\t<\/div>\n\t\t\t\t\t<\/div>\n\t\t<\/section>\n\t\t\t\t<section class=\"elementor-section elementor-top-section elementor-element elementor-element-804b1fb elementor-section-full_width elementor-section-height-default elementor-section-height-default\" data-id=\"804b1fb\" data-element_type=\"section\">\n\t\t\t\t\t\t<div class=\"elementor-container elementor-column-gap-default\">\n\t\t\t\t\t<div class=\"elementor-column elementor-col-50 elementor-top-column elementor-element elementor-element-b296d69\" data-id=\"b296d69\" data-element_type=\"column\" data-settings=\"{&quot;background_background&quot;:&quot;classic&quot;}\">\n\t\t\t<div class=\"elementor-widget-wrap elementor-element-populated\">\n\t\t\t\t\t\t<div class=\"elementor-element elementor-element-d7cdb50 elementor-widget elementor-widget-image\" data-id=\"d7cdb50\" data-element_type=\"widget\" data-widget_type=\"image.default\">\n\t\t\t\t<div class=\"elementor-widget-container\">\n\t\t\t\t\t\t\t\t\t\t\t\t\t\t\t<img fetchpriority=\"high\" decoding=\"async\" width=\"407\" height=\"247\" src=\"https:\/\/www.ramblaabogadosyasesores.com\/wp-content\/uploads\/2020\/09\/rambla-abogados-y-asesores-palma-de-mallorca-abogados.png\" class=\"attachment-large size-large wp-image-2519\" alt=\"Abogados en Palma de Mallorca\" srcset=\"https:\/\/www.ramblaabogadosyasesores.com\/wp-content\/uploads\/2020\/09\/rambla-abogados-y-asesores-palma-de-mallorca-abogados.png 407w, https:\/\/www.ramblaabogadosyasesores.com\/wp-content\/uploads\/2020\/09\/rambla-abogados-y-asesores-palma-de-mallorca-abogados-300x182.png 300w\" sizes=\"(max-width: 407px) 100vw, 407px\" \/>\t\t\t\t\t\t\t\t\t\t\t\t\t\t\t<\/div>\n\t\t\t\t<\/div>\n\t\t\t\t<div class=\"elementor-element elementor-element-1c618e0 elementor-align-center elementor-widget elementor-widget-button\" data-id=\"1c618e0\" data-element_type=\"widget\" data-widget_type=\"button.default\">\n\t\t\t\t<div class=\"elementor-widget-container\">\n\t\t\t\t\t\t\t\t\t<div class=\"elementor-button-wrapper\">\n\t\t\t\t\t<a class=\"elementor-button elementor-button-link elementor-size-sm\" href=\"https:\/\/www.ramblaabogadosyasesores.com\/ca\/servicios\/#legal\">\n\t\t\t\t\t\t<span class=\"elementor-button-content-wrapper\">\n\t\t\t\t\t\t\t\t\t<span class=\"elementor-button-text\">SERVEIS JUR\u00cdDICS <\/span>\n\t\t\t\t\t<\/span>\n\t\t\t\t\t<\/a>\n\t\t\t\t<\/div>\n\t\t\t\t\t\t\t\t<\/div>\n\t\t\t\t<\/div>\n\t\t\t\t\t<\/div>\n\t\t<\/div>\n\t\t\t\t<div class=\"elementor-column elementor-col-50 elementor-top-column elementor-element elementor-element-aabe6d5\" data-id=\"aabe6d5\" data-element_type=\"column\" data-settings=\"{&quot;background_background&quot;:&quot;classic&quot;}\">\n\t\t\t<div class=\"elementor-widget-wrap elementor-element-populated\">\n\t\t\t\t\t\t<div class=\"elementor-element elementor-element-2c6e2b6 elementor-widget elementor-widget-image\" data-id=\"2c6e2b6\" data-element_type=\"widget\" data-widget_type=\"image.default\">\n\t\t\t\t<div class=\"elementor-widget-container\">\n\t\t\t\t\t\t\t\t\t\t\t\t\t\t\t<img decoding=\"async\" width=\"407\" height=\"247\" src=\"https:\/\/www.ramblaabogadosyasesores.com\/wp-content\/uploads\/2020\/09\/rambla-abogados-y-asesores-palma-de-mallorca-asesores.png\" class=\"attachment-large size-large wp-image-2521\" alt=\"Asesores en Palma de Mallorca\" srcset=\"https:\/\/www.ramblaabogadosyasesores.com\/wp-content\/uploads\/2020\/09\/rambla-abogados-y-asesores-palma-de-mallorca-asesores.png 407w, https:\/\/www.ramblaabogadosyasesores.com\/wp-content\/uploads\/2020\/09\/rambla-abogados-y-asesores-palma-de-mallorca-asesores-300x182.png 300w\" sizes=\"(max-width: 407px) 100vw, 407px\" \/>\t\t\t\t\t\t\t\t\t\t\t\t\t\t\t<\/div>\n\t\t\t\t<\/div>\n\t\t\t\t<div class=\"elementor-element elementor-element-72fd63f elementor-align-center elementor-widget elementor-widget-button\" data-id=\"72fd63f\" data-element_type=\"widget\" data-widget_type=\"button.default\">\n\t\t\t\t<div class=\"elementor-widget-container\">\n\t\t\t\t\t\t\t\t\t<div class=\"elementor-button-wrapper\">\n\t\t\t\t\t<a class=\"elementor-button elementor-button-link elementor-size-sm\" href=\"https:\/\/www.ramblaabogadosyasesores.com\/ca\/servicios\/#asesoria\">\n\t\t\t\t\t\t<span class=\"elementor-button-content-wrapper\">\n\t\t\t\t\t\t\t\t\t<span class=\"elementor-button-text\">Assessoria Comptable, Fiscal i Empresarial <\/span>\n\t\t\t\t\t<\/span>\n\t\t\t\t\t<\/a>\n\t\t\t\t<\/div>\n\t\t\t\t\t\t\t\t<\/div>\n\t\t\t\t<\/div>\n\t\t\t\t\t<\/div>\n\t\t<\/div>\n\t\t\t\t\t<\/div>\n\t\t<\/section>\n\t\t\t\t<section class=\"elementor-section elementor-top-section elementor-element elementor-element-b516e1e elementor-section-boxed elementor-section-height-default elementor-section-height-default\" data-id=\"b516e1e\" data-element_type=\"section\">\n\t\t\t\t\t\t<div class=\"elementor-container elementor-column-gap-default\">\n\t\t\t\t\t<div class=\"elementor-column elementor-col-100 elementor-top-column elementor-element elementor-element-1cbcf3d\" data-id=\"1cbcf3d\" data-element_type=\"column\">\n\t\t\t<div class=\"elementor-widget-wrap elementor-element-populated\">\n\t\t\t\t\t\t<div class=\"elementor-element elementor-element-d96016e elementor-widget elementor-widget-image\" data-id=\"d96016e\" data-element_type=\"widget\" data-widget_type=\"image.default\">\n\t\t\t\t<div class=\"elementor-widget-container\">\n\t\t\t\t\t\t\t\t\t\t\t\t\t\t\t<img decoding=\"async\" width=\"181\" height=\"88\" src=\"https:\/\/www.ramblaabogadosyasesores.com\/wp-content\/uploads\/2020\/09\/rambla-logo-header.png\" class=\"attachment-large size-large wp-image-2811\" alt=\"\" \/>\t\t\t\t\t\t\t\t\t\t\t\t\t\t\t<\/div>\n\t\t\t\t<\/div>\n\t\t\t\t<div class=\"elementor-element elementor-element-6bb6870 elementor-widget elementor-widget-text-editor\" data-id=\"6bb6870\" data-element_type=\"widget\" data-widget_type=\"text-editor.default\">\n\t\t\t\t<div class=\"elementor-widget-container\">\n\t\t\t\t\t\t\t\t\t<p>Fundada en 1999 el seu objectiu \u00e9s oferir a particulars i empreses el m\u00e9s ampli servei de prestacions jur\u00eddiques, fiscals i comptables. Per a aix\u00f2 comptem amb un equip de professionals amb anys d&#8217;experi\u00e8ncia en el seu sector i una excel\u00b7lent reputaci\u00f3 professional.<\/p>\n\t\t\t\t\t\t\t\t<\/div>\n\t\t\t\t<\/div>\n\t\t\t\t<div class=\"elementor-element elementor-element-4d6fdf9 elementor-align-center elementor-widget elementor-widget-button\" data-id=\"4d6fdf9\" data-element_type=\"widget\" data-widget_type=\"button.default\">\n\t\t\t\t<div class=\"elementor-widget-container\">\n\t\t\t\t\t\t\t\t\t<div class=\"elementor-button-wrapper\">\n\t\t\t\t\t<a class=\"elementor-button elementor-button-link elementor-size-sm\" href=\"https:\/\/www.ramblaabogadosyasesores.com\/ca\/equipo\/\">\n\t\t\t\t\t\t<span class=\"elementor-button-content-wrapper\">\n\t\t\t\t\t\t\t\t\t<span class=\"elementor-button-text\">CONEGUI'NS! <\/span>\n\t\t\t\t\t<\/span>\n\t\t\t\t\t<\/a>\n\t\t\t\t<\/div>\n\t\t\t\t\t\t\t\t<\/div>\n\t\t\t\t<\/div>\n\t\t\t\t\t<\/div>\n\t\t<\/div>\n\t\t\t\t\t<\/div>\n\t\t<\/section>\n\t\t\t\t<section class=\"elementor-section elementor-top-section elementor-element elementor-element-6a7ee62 elementor-section-boxed elementor-section-height-default elementor-section-height-default\" data-id=\"6a7ee62\" data-element_type=\"section\" data-settings=\"{&quot;background_background&quot;:&quot;classic&quot;}\">\n\t\t\t\t\t\t<div class=\"elementor-container elementor-column-gap-wide\">\n\t\t\t\t\t<div class=\"elementor-column elementor-col-100 elementor-top-column elementor-element elementor-element-f318cde\" data-id=\"f318cde\" data-element_type=\"column\">\n\t\t\t<div class=\"elementor-widget-wrap elementor-element-populated\">\n\t\t\t\t\t\t<section class=\"elementor-section elementor-inner-section elementor-element elementor-element-c4cc6ca elementor-section-boxed elementor-section-height-default elementor-section-height-default\" data-id=\"c4cc6ca\" data-element_type=\"section\">\n\t\t\t\t\t\t<div class=\"elementor-container elementor-column-gap-wide\">\n\t\t\t\t\t<div class=\"elementor-column elementor-col-33 elementor-inner-column elementor-element elementor-element-28514e3\" data-id=\"28514e3\" data-element_type=\"column\">\n\t\t\t<div class=\"elementor-widget-wrap elementor-element-populated\">\n\t\t\t\t\t\t<div class=\"elementor-element elementor-element-ed1a535 elementor-widget elementor-widget-heading\" data-id=\"ed1a535\" data-element_type=\"widget\" data-widget_type=\"heading.default\">\n\t\t\t\t<div class=\"elementor-widget-container\">\n\t\t\t\t\t<h3 class=\"elementor-heading-title elementor-size-default\">Solucions integrals<\/h3>\t\t\t\t<\/div>\n\t\t\t\t<\/div>\n\t\t\t\t<div class=\"elementor-element elementor-element-1f11dc6 elementor-widget elementor-widget-text-editor\" data-id=\"1f11dc6\" data-element_type=\"widget\" data-widget_type=\"text-editor.default\">\n\t\t\t\t<div class=\"elementor-widget-container\">\n\t\t\t\t\t\t\t\t\t<p>Oferim solucions integrals en qualsevol \u00e0mbit, tant personal com empresarial. Col\u00b7laborem amb altres professionals locals i nacionals per a oferir alternatives de servei als nostres clients.<\/p>\n\t\t\t\t\t\t\t\t<\/div>\n\t\t\t\t<\/div>\n\t\t\t\t\t<\/div>\n\t\t<\/div>\n\t\t\t\t<div class=\"elementor-column elementor-col-33 elementor-inner-column elementor-element elementor-element-72d87d3\" data-id=\"72d87d3\" data-element_type=\"column\">\n\t\t\t<div class=\"elementor-widget-wrap elementor-element-populated\">\n\t\t\t\t\t\t<div class=\"elementor-element elementor-element-6784912 elementor-widget elementor-widget-heading\" data-id=\"6784912\" data-element_type=\"widget\" data-widget_type=\"heading.default\">\n\t\t\t\t<div class=\"elementor-widget-container\">\n\t\t\t\t\t<h3 class=\"elementor-heading-title elementor-size-default\">Emprenedors<\/h3>\t\t\t\t<\/div>\n\t\t\t\t<\/div>\n\t\t\t\t<div class=\"elementor-element elementor-element-45c31ea elementor-widget elementor-widget-text-editor\" data-id=\"45c31ea\" data-element_type=\"widget\" data-widget_type=\"text-editor.default\">\n\t\t\t\t<div class=\"elementor-widget-container\">\n\t\t\t\t\t\t\t\t\t<p>Disposem d&#8217;un equip de professionals especialitzats en la creaci\u00f3 d&#8217;empreses, associacions i fundacions i tramitaci\u00f3 d&#8217;altes per a qualsevol mena de figura jur\u00eddica.<\/p>\n\t\t\t\t\t\t\t\t<\/div>\n\t\t\t\t<\/div>\n\t\t\t\t\t<\/div>\n\t\t<\/div>\n\t\t\t\t<div class=\"elementor-column elementor-col-33 elementor-inner-column elementor-element elementor-element-581d540\" data-id=\"581d540\" data-element_type=\"column\">\n\t\t\t<div class=\"elementor-widget-wrap elementor-element-populated\">\n\t\t\t\t\t\t<div class=\"elementor-element elementor-element-ee3b269 elementor-widget elementor-widget-heading\" data-id=\"ee3b269\" data-element_type=\"widget\" data-widget_type=\"heading.default\">\n\t\t\t\t<div class=\"elementor-widget-container\">\n\t\t\t\t\t<h3 class=\"elementor-heading-title elementor-size-default\">Atenci\u00f3 personalitzada<\/h3>\t\t\t\t<\/div>\n\t\t\t\t<\/div>\n\t\t\t\t<div class=\"elementor-element elementor-element-a58e073 elementor-widget elementor-widget-text-editor\" data-id=\"a58e073\" data-element_type=\"widget\" data-widget_type=\"text-editor.default\">\n\t\t\t\t<div class=\"elementor-widget-container\">\n\t\t\t\t\t\t\t\t\t<p>Oferim assessorament jur\u00eddic, fiscal i comptable de m\u00e0xima qualitat, basant-se en els principis de professionalitat, confian\u00e7a i confidencialitat, respectant elevades normes d&#8217;\u00e8tica i deontologia.<\/p>\n\t\t\t\t\t\t\t\t<\/div>\n\t\t\t\t<\/div>\n\t\t\t\t\t<\/div>\n\t\t<\/div>\n\t\t\t\t\t<\/div>\n\t\t<\/section>\n\t\t\t\t<div class=\"elementor-element elementor-element-4e0472b elementor-align-center elementor-widget elementor-widget-button\" data-id=\"4e0472b\" data-element_type=\"widget\" data-widget_type=\"button.default\">\n\t\t\t\t<div class=\"elementor-widget-container\">\n\t\t\t\t\t\t\t\t\t<div class=\"elementor-button-wrapper\">\n\t\t\t\t\t<a class=\"elementor-button elementor-button-link elementor-size-sm\" href=\"https:\/\/www.ramblaabogadosyasesores.com\/ca\/servicios\/\">\n\t\t\t\t\t\t<span class=\"elementor-button-content-wrapper\">\n\t\t\t\t\t\t\t\t\t<span class=\"elementor-button-text\">DESCOBREIXI TOTS ELS NOSTRES SERVEIS <\/span>\n\t\t\t\t\t<\/span>\n\t\t\t\t\t<\/a>\n\t\t\t\t<\/div>\n\t\t\t\t\t\t\t\t<\/div>\n\t\t\t\t<\/div>\n\t\t\t\t\t<\/div>\n\t\t<\/div>\n\t\t\t\t\t<\/div>\n\t\t<\/section>\n\t\t\t\t<section class=\"elementor-section elementor-top-section elementor-element elementor-element-6115697 elementor-section-boxed elementor-section-height-default elementor-section-height-default\" data-id=\"6115697\" data-element_type=\"section\">\n\t\t\t\t\t\t<div class=\"elementor-container elementor-column-gap-default\">\n\t\t\t\t\t\t<\/div>\n\t\t<\/section>\n\t\t\t\t<section class=\"elementor-section elementor-top-section elementor-element elementor-element-69201ce elementor-section-boxed elementor-section-height-default elementor-section-height-default\" data-id=\"69201ce\" data-element_type=\"section\">\n\t\t\t\t\t\t<div class=\"elementor-container elementor-column-gap-default\">\n\t\t\t\t\t<div class=\"elementor-column elementor-col-100 elementor-top-column elementor-element elementor-element-3e44beb\" data-id=\"3e44beb\" data-element_type=\"column\">\n\t\t\t<div class=\"elementor-widget-wrap elementor-element-populated\">\n\t\t\t\t\t\t<div class=\"elementor-element elementor-element-1932bc9 elementor-widget elementor-widget-heading\" data-id=\"1932bc9\" data-element_type=\"widget\" data-widget_type=\"heading.default\">\n\t\t\t\t<div class=\"elementor-widget-container\">\n\t\t\t\t\t<h3 class=\"elementor-heading-title elementor-size-default\">Darreres not\u00edcies<\/h3>\t\t\t\t<\/div>\n\t\t\t\t<\/div>\n\t\t\t\t<div class=\"elementor-element elementor-element-b864fb3 elementor-posts--align-left elementor-grid-3 elementor-grid-tablet-2 elementor-grid-mobile-1 elementor-posts--thumbnail-top elementor-widget elementor-widget-posts\" data-id=\"b864fb3\" data-element_type=\"widget\" data-settings=\"{&quot;classic_columns&quot;:&quot;3&quot;,&quot;classic_columns_tablet&quot;:&quot;2&quot;,&quot;classic_columns_mobile&quot;:&quot;1&quot;,&quot;classic_row_gap&quot;:{&quot;unit&quot;:&quot;px&quot;,&quot;size&quot;:35,&quot;sizes&quot;:[]}}\" data-widget_type=\"posts.classic\">\n\t\t\t\t<div class=\"elementor-widget-container\">\n\t\t\t\t\t\t\t<div class=\"elementor-posts-container elementor-posts elementor-posts--skin-classic elementor-grid\">\n\t\t\t\t<article class=\"elementor-post elementor-grid-item post-3162 post type-post status-publish format-standard has-post-thumbnail hentry category-sin-categorizar\">\n\t\t\t\t<a class=\"elementor-post__thumbnail__link\" href=\"https:\/\/www.ramblaabogadosyasesores.com\/ca\/cuantos-meses-llevas-esperando-una-licencia-de-actividad\/\" >\n\t\t\t<div class=\"elementor-post__thumbnail\"><img loading=\"lazy\" decoding=\"async\" width=\"240\" height=\"300\" src=\"https:\/\/www.ramblaabogadosyasesores.com\/wp-content\/uploads\/2026\/01\/cuantosmeses1-240x300.png\" class=\"attachment-medium size-medium wp-image-3163\" alt=\"\" srcset=\"https:\/\/www.ramblaabogadosyasesores.com\/wp-content\/uploads\/2026\/01\/cuantosmeses1-240x300.png 240w, https:\/\/www.ramblaabogadosyasesores.com\/wp-content\/uploads\/2026\/01\/cuantosmeses1-819x1024.png 819w, https:\/\/www.ramblaabogadosyasesores.com\/wp-content\/uploads\/2026\/01\/cuantosmeses1-768x960.png 768w, https:\/\/www.ramblaabogadosyasesores.com\/wp-content\/uploads\/2026\/01\/cuantosmeses1.png 1080w\" sizes=\"(max-width: 240px) 100vw, 240px\" \/><\/div>\n\t\t<\/a>\n\t\t\t\t<div class=\"elementor-post__text\">\n\t\t\t\t<h3 class=\"elementor-post__title\">\n\t\t\t<a href=\"https:\/\/www.ramblaabogadosyasesores.com\/ca\/cuantos-meses-llevas-esperando-una-licencia-de-actividad\/\" >\n\t\t\t\t\u00bfCu\u00e1ntos meses llevas esperando una licencia de actividad?\t\t\t<\/a>\n\t\t<\/h3>\n\t\t\t\t<div class=\"elementor-post__excerpt\">\n\t\t\t<p>\u00bfCu\u00e1ntos meses llevas esperando una licencia de actividad? \u00bf3? \u00bf6? \u00bf12?<\/p>\n\t\t<\/div>\n\t\t\t\t\t<a class=\"elementor-post__read-more\" href=\"https:\/\/www.ramblaabogadosyasesores.com\/ca\/cuantos-meses-llevas-esperando-una-licencia-de-actividad\/\" >\n\t\t\t\tCONTINUAR LLEGINT\t\t\t<\/a>\n\t\t\t\t<\/div>\n\t\t\t\t<\/article>\n\t\t\t\t<article class=\"elementor-post elementor-grid-item post-3157 post type-post status-publish format-standard has-post-thumbnail hentry category-sin-categorizar\">\n\t\t\t\t<a class=\"elementor-post__thumbnail__link\" href=\"https:\/\/www.ramblaabogadosyasesores.com\/ca\/enero-el-mes-donde-hacienda-cruza-datos-y-no-perdona\/\" >\n\t\t\t<div class=\"elementor-post__thumbnail\"><img loading=\"lazy\" decoding=\"async\" width=\"240\" height=\"300\" src=\"https:\/\/www.ramblaabogadosyasesores.com\/wp-content\/uploads\/2026\/01\/enero1-240x300.png\" class=\"attachment-medium size-medium wp-image-3158\" alt=\"\" srcset=\"https:\/\/www.ramblaabogadosyasesores.com\/wp-content\/uploads\/2026\/01\/enero1-240x300.png 240w, https:\/\/www.ramblaabogadosyasesores.com\/wp-content\/uploads\/2026\/01\/enero1-819x1024.png 819w, https:\/\/www.ramblaabogadosyasesores.com\/wp-content\/uploads\/2026\/01\/enero1-768x960.png 768w, https:\/\/www.ramblaabogadosyasesores.com\/wp-content\/uploads\/2026\/01\/enero1.png 1080w\" sizes=\"(max-width: 240px) 100vw, 240px\" \/><\/div>\n\t\t<\/a>\n\t\t\t\t<div class=\"elementor-post__text\">\n\t\t\t\t<h3 class=\"elementor-post__title\">\n\t\t\t<a href=\"https:\/\/www.ramblaabogadosyasesores.com\/ca\/enero-el-mes-donde-hacienda-cruza-datos-y-no-perdona\/\" >\n\t\t\t\tEnero, el mes donde Hacienda cruza datos&#8230;.. y no perdona\t\t\t<\/a>\n\t\t<\/h3>\n\t\t\t\t<div class=\"elementor-post__excerpt\">\n\t\t\t<p>Enero es cuando todo empieza de cero\u2026 excepto los cruces de datos de Hacienda.<\/p>\n\t\t<\/div>\n\t\t\t\t\t<a class=\"elementor-post__read-more\" href=\"https:\/\/www.ramblaabogadosyasesores.com\/ca\/enero-el-mes-donde-hacienda-cruza-datos-y-no-perdona\/\" >\n\t\t\t\tCONTINUAR LLEGINT\t\t\t<\/a>\n\t\t\t\t<\/div>\n\t\t\t\t<\/article>\n\t\t\t\t<article class=\"elementor-post elementor-grid-item post-3152 post type-post status-publish format-standard has-post-thumbnail hentry category-sin-categorizar\">\n\t\t\t\t<a class=\"elementor-post__thumbnail__link\" href=\"https:\/\/www.ramblaabogadosyasesores.com\/ca\/tu-nombre-esta-en-una-empresa-que-ya-no-opera\/\" >\n\t\t\t<div class=\"elementor-post__thumbnail\"><img loading=\"lazy\" decoding=\"async\" width=\"240\" height=\"300\" src=\"https:\/\/www.ramblaabogadosyasesores.com\/wp-content\/uploads\/2026\/01\/tunombre1-240x300.png\" class=\"attachment-medium size-medium wp-image-3153\" alt=\"\" srcset=\"https:\/\/www.ramblaabogadosyasesores.com\/wp-content\/uploads\/2026\/01\/tunombre1-240x300.png 240w, https:\/\/www.ramblaabogadosyasesores.com\/wp-content\/uploads\/2026\/01\/tunombre1-819x1024.png 819w, https:\/\/www.ramblaabogadosyasesores.com\/wp-content\/uploads\/2026\/01\/tunombre1-768x960.png 768w, https:\/\/www.ramblaabogadosyasesores.com\/wp-content\/uploads\/2026\/01\/tunombre1.png 1080w\" sizes=\"(max-width: 240px) 100vw, 240px\" \/><\/div>\n\t\t<\/a>\n\t\t\t\t<div class=\"elementor-post__text\">\n\t\t\t\t<h3 class=\"elementor-post__title\">\n\t\t\t<a href=\"https:\/\/www.ramblaabogadosyasesores.com\/ca\/tu-nombre-esta-en-una-empresa-que-ya-no-opera\/\" >\n\t\t\t\t\u00bfTu nombre est\u00e1 en una empresa que ya no opera?\t\t\t<\/a>\n\t\t<\/h3>\n\t\t\t\t<div class=\"elementor-post__excerpt\">\n\t\t\t<p>Si tu nombre sigue figurando como administrador o socio en una empresa que ya no funciona, puede ser un problema penal.<\/p>\n\t\t<\/div>\n\t\t\t\t\t<a class=\"elementor-post__read-more\" href=\"https:\/\/www.ramblaabogadosyasesores.com\/ca\/tu-nombre-esta-en-una-empresa-que-ya-no-opera\/\" >\n\t\t\t\tCONTINUAR LLEGINT\t\t\t<\/a>\n\t\t\t\t<\/div>\n\t\t\t\t<\/article>\n\t\t\t\t<\/div>\n\t\t\t\t\t\t<\/div>\n\t\t\t\t<\/div>\n\t\t\t\t\t<\/div>\n\t\t<\/div>\n\t\t\t\t\t<\/div>\n\t\t<\/section>\n\t\t\t\t<\/div>\n\t\t","protected":false},"excerpt":{"rendered":"<p>Rambla Advocats i Assessors Professionalitat, experi\u00e8ncia i confian\u00e7a Oferim un tracte personalitzat i directe i l&#8217;assessorament jur\u00eddic, fiscal, comptable i empresarial m\u00e9s adequat, innovador i eficient. CONTACTI AMB NOSALTRES SERVEIS JUR\u00cdDICS Assessoria Comptable, Fiscal i Empresarial Fundada en 1999 el seu objectiu \u00e9s oferir a particulars i empreses el m\u00e9s ampli servei de prestacions jur\u00eddiques, [&hellip;]<\/p>\n","protected":false},"author":1,"featured_media":0,"parent":0,"menu_order":0,"comment_status":"closed","ping_status":"closed","template":"","meta":{"_acf_changed":false,"footnotes":""},"class_list":["post-2481","page","type-page","status-publish","hentry"],"acf":[],"_links":{"self":[{"href":"https:\/\/www.ramblaabogadosyasesores.com\/ca\/wp-json\/wp\/v2\/pages\/2481","targetHints":{"allow":["GET"]}}],"collection":[{"href":"https:\/\/www.ramblaabogadosyasesores.com\/ca\/wp-json\/wp\/v2\/pages"}],"about":[{"href":"https:\/\/www.ramblaabogadosyasesores.com\/ca\/wp-json\/wp\/v2\/types\/page"}],"author":[{"embeddable":true,"href":"https:\/\/www.ramblaabogadosyasesores.com\/ca\/wp-json\/wp\/v2\/users\/1"}],"replies":[{"embeddable":true,"href":"https:\/\/www.ramblaabogadosyasesores.com\/ca\/wp-json\/wp\/v2\/comments?post=2481"}],"version-history":[{"count":5,"href":"https:\/\/www.ramblaabogadosyasesores.com\/ca\/wp-json\/wp\/v2\/pages\/2481\/revisions"}],"predecessor-version":[{"id":2826,"href":"https:\/\/www.ramblaabogadosyasesores.com\/ca\/wp-json\/wp\/v2\/pages\/2481\/revisions\/2826"}],"wp:attachment":[{"href":"https:\/\/www.ramblaabogadosyasesores.com\/ca\/wp-json\/wp\/v2\/media?parent=2481"}],"curies":[{"name":"wp","href":"https:\/\/api.w.org\/{rel}","templated":true}]}}