{"id":2472,"date":"2020-09-14T10:53:08","date_gmt":"2020-09-14T10:53:08","guid":{"rendered":"https:\/\/www.ramblaabogadosyasesores.com\/blog\/"},"modified":"2020-09-23T09:26:09","modified_gmt":"2020-09-23T09:26:09","slug":"blog","status":"publish","type":"page","link":"https:\/\/www.ramblaabogadosyasesores.com\/en\/blog\/","title":{"rendered":"Blog"},"content":{"rendered":"\t\t<div data-elementor-type=\"wp-page\" data-elementor-id=\"2472\" class=\"elementor elementor-2472 elementor-2360\">\n\t\t\t\t\t\t<section class=\"elementor-section elementor-top-section elementor-element elementor-element-69201ce elementor-section-boxed elementor-section-height-default elementor-section-height-default\" data-id=\"69201ce\" data-element_type=\"section\">\n\t\t\t\t\t\t<div class=\"elementor-container elementor-column-gap-default\">\n\t\t\t\t\t<div class=\"elementor-column elementor-col-100 elementor-top-column elementor-element elementor-element-3e44beb\" data-id=\"3e44beb\" data-element_type=\"column\">\n\t\t\t<div class=\"elementor-widget-wrap elementor-element-populated\">\n\t\t\t\t\t\t<div class=\"elementor-element elementor-element-1932bc9 elementor-widget elementor-widget-heading\" data-id=\"1932bc9\" data-element_type=\"widget\" data-widget_type=\"heading.default\">\n\t\t\t\t<div class=\"elementor-widget-container\">\n\t\t\t\t\t<h1 class=\"elementor-heading-title elementor-size-default\">Latest News<\/h1>\t\t\t\t<\/div>\n\t\t\t\t<\/div>\n\t\t\t\t<div class=\"elementor-element elementor-element-b864fb3 elementor-posts--align-left elementor-grid-3 elementor-grid-tablet-2 elementor-grid-mobile-1 elementor-posts--thumbnail-top elementor-widget elementor-widget-posts\" data-id=\"b864fb3\" data-element_type=\"widget\" data-settings=\"{&quot;classic_row_gap&quot;:{&quot;unit&quot;:&quot;px&quot;,&quot;size&quot;:47,&quot;sizes&quot;:[]},&quot;classic_columns&quot;:&quot;3&quot;,&quot;classic_columns_tablet&quot;:&quot;2&quot;,&quot;classic_columns_mobile&quot;:&quot;1&quot;}\" data-widget_type=\"posts.classic\">\n\t\t\t\t<div class=\"elementor-widget-container\">\n\t\t\t\t\t\t\t<div class=\"elementor-posts-container elementor-posts elementor-posts--skin-classic elementor-grid\">\n\t\t\t\t<article class=\"elementor-post elementor-grid-item post-3162 post type-post status-publish format-standard has-post-thumbnail hentry category-sin-categorizar\">\n\t\t\t\t<a class=\"elementor-post__thumbnail__link\" href=\"https:\/\/www.ramblaabogadosyasesores.com\/en\/cuantos-meses-llevas-esperando-una-licencia-de-actividad\/\" >\n\t\t\t<div class=\"elementor-post__thumbnail\"><img fetchpriority=\"high\" decoding=\"async\" width=\"240\" height=\"300\" src=\"https:\/\/www.ramblaabogadosyasesores.com\/wp-content\/uploads\/2026\/01\/cuantosmeses1-240x300.png\" class=\"attachment-medium size-medium wp-image-3163\" alt=\"\" srcset=\"https:\/\/www.ramblaabogadosyasesores.com\/wp-content\/uploads\/2026\/01\/cuantosmeses1-240x300.png 240w, https:\/\/www.ramblaabogadosyasesores.com\/wp-content\/uploads\/2026\/01\/cuantosmeses1-819x1024.png 819w, https:\/\/www.ramblaabogadosyasesores.com\/wp-content\/uploads\/2026\/01\/cuantosmeses1-768x960.png 768w, https:\/\/www.ramblaabogadosyasesores.com\/wp-content\/uploads\/2026\/01\/cuantosmeses1.png 1080w\" sizes=\"(max-width: 240px) 100vw, 240px\" \/><\/div>\n\t\t<\/a>\n\t\t\t\t<div class=\"elementor-post__text\">\n\t\t\t\t<h3 class=\"elementor-post__title\">\n\t\t\t<a href=\"https:\/\/www.ramblaabogadosyasesores.com\/en\/cuantos-meses-llevas-esperando-una-licencia-de-actividad\/\" >\n\t\t\t\t\u00bfCu\u00e1ntos meses llevas esperando una licencia de actividad?\t\t\t<\/a>\n\t\t<\/h3>\n\t\t\t\t<div class=\"elementor-post__excerpt\">\n\t\t\t<p>\u00bfCu\u00e1ntos meses llevas esperando una licencia de actividad? \u00bf3? \u00bf6? \u00bf12?<\/p>\n\t\t<\/div>\n\t\t\t\t\t<a class=\"elementor-post__read-more\" href=\"https:\/\/www.ramblaabogadosyasesores.com\/en\/cuantos-meses-llevas-esperando-una-licencia-de-actividad\/\" >\n\t\t\t\tContinue reading\t\t\t<\/a>\n\t\t\t\t<\/div>\n\t\t\t\t<\/article>\n\t\t\t\t<article class=\"elementor-post elementor-grid-item post-3157 post type-post status-publish format-standard has-post-thumbnail hentry category-sin-categorizar\">\n\t\t\t\t<a class=\"elementor-post__thumbnail__link\" href=\"https:\/\/www.ramblaabogadosyasesores.com\/en\/enero-el-mes-donde-hacienda-cruza-datos-y-no-perdona\/\" >\n\t\t\t<div class=\"elementor-post__thumbnail\"><img decoding=\"async\" width=\"240\" height=\"300\" src=\"https:\/\/www.ramblaabogadosyasesores.com\/wp-content\/uploads\/2026\/01\/enero1-240x300.png\" class=\"attachment-medium size-medium wp-image-3158\" alt=\"\" srcset=\"https:\/\/www.ramblaabogadosyasesores.com\/wp-content\/uploads\/2026\/01\/enero1-240x300.png 240w, https:\/\/www.ramblaabogadosyasesores.com\/wp-content\/uploads\/2026\/01\/enero1-819x1024.png 819w, https:\/\/www.ramblaabogadosyasesores.com\/wp-content\/uploads\/2026\/01\/enero1-768x960.png 768w, https:\/\/www.ramblaabogadosyasesores.com\/wp-content\/uploads\/2026\/01\/enero1.png 1080w\" sizes=\"(max-width: 240px) 100vw, 240px\" \/><\/div>\n\t\t<\/a>\n\t\t\t\t<div class=\"elementor-post__text\">\n\t\t\t\t<h3 class=\"elementor-post__title\">\n\t\t\t<a href=\"https:\/\/www.ramblaabogadosyasesores.com\/en\/enero-el-mes-donde-hacienda-cruza-datos-y-no-perdona\/\" >\n\t\t\t\tEnero, el mes donde Hacienda cruza datos&#8230;.. y no perdona\t\t\t<\/a>\n\t\t<\/h3>\n\t\t\t\t<div class=\"elementor-post__excerpt\">\n\t\t\t<p>Enero es cuando todo empieza de cero\u2026 excepto los cruces de datos de Hacienda.<\/p>\n\t\t<\/div>\n\t\t\t\t\t<a class=\"elementor-post__read-more\" href=\"https:\/\/www.ramblaabogadosyasesores.com\/en\/enero-el-mes-donde-hacienda-cruza-datos-y-no-perdona\/\" >\n\t\t\t\tContinue reading\t\t\t<\/a>\n\t\t\t\t<\/div>\n\t\t\t\t<\/article>\n\t\t\t\t<article class=\"elementor-post elementor-grid-item post-3152 post type-post status-publish format-standard has-post-thumbnail hentry category-sin-categorizar\">\n\t\t\t\t<a class=\"elementor-post__thumbnail__link\" href=\"https:\/\/www.ramblaabogadosyasesores.com\/en\/tu-nombre-esta-en-una-empresa-que-ya-no-opera\/\" >\n\t\t\t<div class=\"elementor-post__thumbnail\"><img decoding=\"async\" width=\"240\" height=\"300\" src=\"https:\/\/www.ramblaabogadosyasesores.com\/wp-content\/uploads\/2026\/01\/tunombre1-240x300.png\" class=\"attachment-medium size-medium wp-image-3153\" alt=\"\" srcset=\"https:\/\/www.ramblaabogadosyasesores.com\/wp-content\/uploads\/2026\/01\/tunombre1-240x300.png 240w, https:\/\/www.ramblaabogadosyasesores.com\/wp-content\/uploads\/2026\/01\/tunombre1-819x1024.png 819w, https:\/\/www.ramblaabogadosyasesores.com\/wp-content\/uploads\/2026\/01\/tunombre1-768x960.png 768w, https:\/\/www.ramblaabogadosyasesores.com\/wp-content\/uploads\/2026\/01\/tunombre1.png 1080w\" sizes=\"(max-width: 240px) 100vw, 240px\" \/><\/div>\n\t\t<\/a>\n\t\t\t\t<div class=\"elementor-post__text\">\n\t\t\t\t<h3 class=\"elementor-post__title\">\n\t\t\t<a href=\"https:\/\/www.ramblaabogadosyasesores.com\/en\/tu-nombre-esta-en-una-empresa-que-ya-no-opera\/\" >\n\t\t\t\t\u00bfTu nombre est\u00e1 en una empresa que ya no opera?\t\t\t<\/a>\n\t\t<\/h3>\n\t\t\t\t<div class=\"elementor-post__excerpt\">\n\t\t\t<p>Si tu nombre sigue figurando como administrador o socio en una empresa que ya no funciona, puede ser un problema penal.<\/p>\n\t\t<\/div>\n\t\t\t\t\t<a class=\"elementor-post__read-more\" href=\"https:\/\/www.ramblaabogadosyasesores.com\/en\/tu-nombre-esta-en-una-empresa-que-ya-no-opera\/\" >\n\t\t\t\tContinue reading\t\t\t<\/a>\n\t\t\t\t<\/div>\n\t\t\t\t<\/article>\n\t\t\t\t<article class=\"elementor-post elementor-grid-item post-3147 post type-post status-publish format-standard has-post-thumbnail hentry category-sin-categorizar\">\n\t\t\t\t<a class=\"elementor-post__thumbnail__link\" href=\"https:\/\/www.ramblaabogadosyasesores.com\/en\/te-han-notificado-una-sancion-fiscal-nada-mas-empezar-el-ano\/\" >\n\t\t\t<div class=\"elementor-post__thumbnail\"><img loading=\"lazy\" decoding=\"async\" width=\"240\" height=\"300\" src=\"https:\/\/www.ramblaabogadosyasesores.com\/wp-content\/uploads\/2026\/01\/notificado1-240x300.png\" class=\"attachment-medium size-medium wp-image-3148\" alt=\"\" srcset=\"https:\/\/www.ramblaabogadosyasesores.com\/wp-content\/uploads\/2026\/01\/notificado1-240x300.png 240w, https:\/\/www.ramblaabogadosyasesores.com\/wp-content\/uploads\/2026\/01\/notificado1-819x1024.png 819w, https:\/\/www.ramblaabogadosyasesores.com\/wp-content\/uploads\/2026\/01\/notificado1-768x960.png 768w, https:\/\/www.ramblaabogadosyasesores.com\/wp-content\/uploads\/2026\/01\/notificado1.png 1080w\" sizes=\"(max-width: 240px) 100vw, 240px\" \/><\/div>\n\t\t<\/a>\n\t\t\t\t<div class=\"elementor-post__text\">\n\t\t\t\t<h3 class=\"elementor-post__title\">\n\t\t\t<a href=\"https:\/\/www.ramblaabogadosyasesores.com\/en\/te-han-notificado-una-sancion-fiscal-nada-mas-empezar-el-ano\/\" >\n\t\t\t\t\u00bfTe han notificado una sanci\u00f3n fiscal nada m\u00e1s empezar el a\u00f1o?\t\t\t<\/a>\n\t\t<\/h3>\n\t\t\t\t<div class=\"elementor-post__excerpt\">\n\t\t\t<p>Si te ha llegado una sanci\u00f3n fiscal justo en enero, no es casualidad.<\/p>\n\t\t<\/div>\n\t\t\t\t\t<a class=\"elementor-post__read-more\" href=\"https:\/\/www.ramblaabogadosyasesores.com\/en\/te-han-notificado-una-sancion-fiscal-nada-mas-empezar-el-ano\/\" >\n\t\t\t\tContinue reading\t\t\t<\/a>\n\t\t\t\t<\/div>\n\t\t\t\t<\/article>\n\t\t\t\t<article class=\"elementor-post elementor-grid-item post-3138 post type-post status-publish format-standard has-post-thumbnail hentry category-sin-categorizar\">\n\t\t\t\t<a class=\"elementor-post__thumbnail__link\" href=\"https:\/\/www.ramblaabogadosyasesores.com\/en\/felices-fiestas\/\" >\n\t\t\t<div class=\"elementor-post__thumbnail\"><img loading=\"lazy\" decoding=\"async\" width=\"240\" height=\"300\" src=\"https:\/\/www.ramblaabogadosyasesores.com\/wp-content\/uploads\/2025\/12\/Navidad-RAA-240x300.png\" class=\"attachment-medium size-medium wp-image-3144\" alt=\"\" srcset=\"https:\/\/www.ramblaabogadosyasesores.com\/wp-content\/uploads\/2025\/12\/Navidad-RAA-240x300.png 240w, https:\/\/www.ramblaabogadosyasesores.com\/wp-content\/uploads\/2025\/12\/Navidad-RAA-819x1024.png 819w, https:\/\/www.ramblaabogadosyasesores.com\/wp-content\/uploads\/2025\/12\/Navidad-RAA-768x960.png 768w, https:\/\/www.ramblaabogadosyasesores.com\/wp-content\/uploads\/2025\/12\/Navidad-RAA.png 1080w\" sizes=\"(max-width: 240px) 100vw, 240px\" \/><\/div>\n\t\t<\/a>\n\t\t\t\t<div class=\"elementor-post__text\">\n\t\t\t\t<h3 class=\"elementor-post__title\">\n\t\t\t<a href=\"https:\/\/www.ramblaabogadosyasesores.com\/en\/felices-fiestas\/\" >\n\t\t\t\tFelices fiestas\t\t\t<\/a>\n\t\t<\/h3>\n\t\t\t\t<div class=\"elementor-post__excerpt\">\n\t\t\t<p>\u00a1\u00a1De parte te todo el equipo de Rambla Abogados y Asesores os deseamos unas felices fiestas y un pr\u00f3spero a\u00f1o 2024!!<\/p>\n\t\t<\/div>\n\t\t\t\t\t<a class=\"elementor-post__read-more\" href=\"https:\/\/www.ramblaabogadosyasesores.com\/en\/felices-fiestas\/\" >\n\t\t\t\tContinue reading\t\t\t<\/a>\n\t\t\t\t<\/div>\n\t\t\t\t<\/article>\n\t\t\t\t<article class=\"elementor-post elementor-grid-item post-3133 post type-post status-publish format-standard has-post-thumbnail hentry category-sin-categorizar\">\n\t\t\t\t<a class=\"elementor-post__thumbnail__link\" href=\"https:\/\/www.ramblaabogadosyasesores.com\/en\/si-te-han-dado-una-licencia-y-el-tecnico-la-recurre\/\" >\n\t\t\t<div class=\"elementor-post__thumbnail\"><img loading=\"lazy\" decoding=\"async\" width=\"225\" height=\"300\" src=\"https:\/\/www.ramblaabogadosyasesores.com\/wp-content\/uploads\/2025\/12\/licencia1-225x300.png\" class=\"attachment-medium size-medium wp-image-3134\" alt=\"\" srcset=\"https:\/\/www.ramblaabogadosyasesores.com\/wp-content\/uploads\/2025\/12\/licencia1-225x300.png 225w, https:\/\/www.ramblaabogadosyasesores.com\/wp-content\/uploads\/2025\/12\/licencia1-768x1024.png 768w, https:\/\/www.ramblaabogadosyasesores.com\/wp-content\/uploads\/2025\/12\/licencia1.png 1080w\" sizes=\"(max-width: 225px) 100vw, 225px\" \/><\/div>\n\t\t<\/a>\n\t\t\t\t<div class=\"elementor-post__text\">\n\t\t\t\t<h3 class=\"elementor-post__title\">\n\t\t\t<a href=\"https:\/\/www.ramblaabogadosyasesores.com\/en\/si-te-han-dado-una-licencia-y-el-tecnico-la-recurre\/\" >\n\t\t\t\tSi te han dado una licencia y el t\u00e9cnico la recurre&#8230;\t\t\t<\/a>\n\t\t<\/h3>\n\t\t\t\t<div class=\"elementor-post__excerpt\">\n\t\t\t<p>Te han dado la licencia\u2026 pero el t\u00e9cnico la recurre. \u00bfY ahora?<\/p>\n\t\t<\/div>\n\t\t\t\t\t<a class=\"elementor-post__read-more\" href=\"https:\/\/www.ramblaabogadosyasesores.com\/en\/si-te-han-dado-una-licencia-y-el-tecnico-la-recurre\/\" >\n\t\t\t\tContinue reading\t\t\t<\/a>\n\t\t\t\t<\/div>\n\t\t\t\t<\/article>\n\t\t\t\t<article class=\"elementor-post elementor-grid-item post-3128 post type-post status-publish format-standard has-post-thumbnail hentry category-sin-categorizar\">\n\t\t\t\t<a class=\"elementor-post__thumbnail__link\" href=\"https:\/\/www.ramblaabogadosyasesores.com\/en\/quieres-dejar-tu-empresa-en-pausa-hasta-enero-ojo-con-el-riesgo-penal\/\" >\n\t\t\t<div class=\"elementor-post__thumbnail\"><img loading=\"lazy\" decoding=\"async\" width=\"225\" height=\"300\" src=\"https:\/\/www.ramblaabogadosyasesores.com\/wp-content\/uploads\/2025\/12\/quieresdejar1-225x300.png\" class=\"attachment-medium size-medium wp-image-3129\" alt=\"\" srcset=\"https:\/\/www.ramblaabogadosyasesores.com\/wp-content\/uploads\/2025\/12\/quieresdejar1-225x300.png 225w, https:\/\/www.ramblaabogadosyasesores.com\/wp-content\/uploads\/2025\/12\/quieresdejar1-768x1024.png 768w, https:\/\/www.ramblaabogadosyasesores.com\/wp-content\/uploads\/2025\/12\/quieresdejar1.png 1080w\" sizes=\"(max-width: 225px) 100vw, 225px\" \/><\/div>\n\t\t<\/a>\n\t\t\t\t<div class=\"elementor-post__text\">\n\t\t\t\t<h3 class=\"elementor-post__title\">\n\t\t\t<a href=\"https:\/\/www.ramblaabogadosyasesores.com\/en\/quieres-dejar-tu-empresa-en-pausa-hasta-enero-ojo-con-el-riesgo-penal\/\" >\n\t\t\t\t\u00bfQuieres dejar tu empresa en pausa hasta enero? Ojo con el riesgo penal\t\t\t<\/a>\n\t\t<\/h3>\n\t\t\t\t<div class=\"elementor-post__excerpt\">\n\t\t\t<p>\u00bfHas pensado en dejar tu empresa en pausa hasta enero? Ojo con el riesgo penal.<\/p>\n\t\t<\/div>\n\t\t\t\t\t<a class=\"elementor-post__read-more\" href=\"https:\/\/www.ramblaabogadosyasesores.com\/en\/quieres-dejar-tu-empresa-en-pausa-hasta-enero-ojo-con-el-riesgo-penal\/\" >\n\t\t\t\tContinue reading\t\t\t<\/a>\n\t\t\t\t<\/div>\n\t\t\t\t<\/article>\n\t\t\t\t<article class=\"elementor-post elementor-grid-item post-3123 post type-post status-publish format-standard has-post-thumbnail hentry category-sin-categorizar\">\n\t\t\t\t<a class=\"elementor-post__thumbnail__link\" href=\"https:\/\/www.ramblaabogadosyasesores.com\/en\/inspeccion-penal-en-diciembre\/\" >\n\t\t\t<div class=\"elementor-post__thumbnail\"><img loading=\"lazy\" decoding=\"async\" width=\"225\" height=\"300\" src=\"https:\/\/www.ramblaabogadosyasesores.com\/wp-content\/uploads\/2025\/12\/inspeccion1-225x300.png\" class=\"attachment-medium size-medium wp-image-3124\" alt=\"\" srcset=\"https:\/\/www.ramblaabogadosyasesores.com\/wp-content\/uploads\/2025\/12\/inspeccion1-225x300.png 225w, https:\/\/www.ramblaabogadosyasesores.com\/wp-content\/uploads\/2025\/12\/inspeccion1-768x1024.png 768w, https:\/\/www.ramblaabogadosyasesores.com\/wp-content\/uploads\/2025\/12\/inspeccion1.png 1080w\" sizes=\"(max-width: 225px) 100vw, 225px\" \/><\/div>\n\t\t<\/a>\n\t\t\t\t<div class=\"elementor-post__text\">\n\t\t\t\t<h3 class=\"elementor-post__title\">\n\t\t\t<a href=\"https:\/\/www.ramblaabogadosyasesores.com\/en\/inspeccion-penal-en-diciembre\/\" >\n\t\t\t\tInspecci\u00f3n penal en diciembre\t\t\t<\/a>\n\t\t<\/h3>\n\t\t\t\t<div class=\"elementor-post__excerpt\">\n\t\t\t<p>Inspecci\u00f3n penal en diciembre: lo que parece cierre puede acabar en penal<\/p>\n\t\t<\/div>\n\t\t\t\t\t<a class=\"elementor-post__read-more\" href=\"https:\/\/www.ramblaabogadosyasesores.com\/en\/inspeccion-penal-en-diciembre\/\" >\n\t\t\t\tContinue reading\t\t\t<\/a>\n\t\t\t\t<\/div>\n\t\t\t\t<\/article>\n\t\t\t\t<article class=\"elementor-post elementor-grid-item post-3117 post type-post status-publish format-standard has-post-thumbnail hentry category-sin-categorizar\">\n\t\t\t\t<a class=\"elementor-post__thumbnail__link\" href=\"https:\/\/www.ramblaabogadosyasesores.com\/en\/black-friday-tambien-en-las-reclamaciones\/\" >\n\t\t\t<div class=\"elementor-post__thumbnail\"><img loading=\"lazy\" decoding=\"async\" width=\"240\" height=\"300\" src=\"https:\/\/www.ramblaabogadosyasesores.com\/wp-content\/uploads\/2025\/10\/black-friday.-tambien-en-reclamaciones-240x300.png\" class=\"attachment-medium size-medium wp-image-3118\" alt=\"\" srcset=\"https:\/\/www.ramblaabogadosyasesores.com\/wp-content\/uploads\/2025\/10\/black-friday.-tambien-en-reclamaciones-240x300.png 240w, https:\/\/www.ramblaabogadosyasesores.com\/wp-content\/uploads\/2025\/10\/black-friday.-tambien-en-reclamaciones-819x1024.png 819w, https:\/\/www.ramblaabogadosyasesores.com\/wp-content\/uploads\/2025\/10\/black-friday.-tambien-en-reclamaciones-768x960.png 768w, https:\/\/www.ramblaabogadosyasesores.com\/wp-content\/uploads\/2025\/10\/black-friday.-tambien-en-reclamaciones.png 1080w\" sizes=\"(max-width: 240px) 100vw, 240px\" \/><\/div>\n\t\t<\/a>\n\t\t\t\t<div class=\"elementor-post__text\">\n\t\t\t\t<h3 class=\"elementor-post__title\">\n\t\t\t<a href=\"https:\/\/www.ramblaabogadosyasesores.com\/en\/black-friday-tambien-en-las-reclamaciones\/\" >\n\t\t\t\tBlack Friday&#8230; tambi\u00e9n en las reclamaciones\t\t\t<\/a>\n\t\t<\/h3>\n\t\t\t\t<div class=\"elementor-post__excerpt\">\n\t\t\t<p>Si has comprado algo online y no ha salido como esperabas, tambi\u00e9n puedes reclamar.<\/p>\n\t\t<\/div>\n\t\t\t\t\t<a class=\"elementor-post__read-more\" href=\"https:\/\/www.ramblaabogadosyasesores.com\/en\/black-friday-tambien-en-las-reclamaciones\/\" >\n\t\t\t\tContinue reading\t\t\t<\/a>\n\t\t\t\t<\/div>\n\t\t\t\t<\/article>\n\t\t\t\t<article class=\"elementor-post elementor-grid-item post-3111 post type-post status-publish format-standard has-post-thumbnail hentry category-sin-categorizar\">\n\t\t\t\t<a class=\"elementor-post__thumbnail__link\" href=\"https:\/\/www.ramblaabogadosyasesores.com\/en\/organiza-tu-herencia-hoy-para-evitar-problemas-manana\/\" >\n\t\t\t<div class=\"elementor-post__thumbnail\"><img loading=\"lazy\" decoding=\"async\" width=\"240\" height=\"300\" src=\"https:\/\/www.ramblaabogadosyasesores.com\/wp-content\/uploads\/2025\/10\/organiza-tu-herencia-hoy-para-evitar-problemas-manana-240x300.png\" class=\"attachment-medium size-medium wp-image-3112\" alt=\"\" srcset=\"https:\/\/www.ramblaabogadosyasesores.com\/wp-content\/uploads\/2025\/10\/organiza-tu-herencia-hoy-para-evitar-problemas-manana-240x300.png 240w, https:\/\/www.ramblaabogadosyasesores.com\/wp-content\/uploads\/2025\/10\/organiza-tu-herencia-hoy-para-evitar-problemas-manana-819x1024.png 819w, https:\/\/www.ramblaabogadosyasesores.com\/wp-content\/uploads\/2025\/10\/organiza-tu-herencia-hoy-para-evitar-problemas-manana-768x960.png 768w, https:\/\/www.ramblaabogadosyasesores.com\/wp-content\/uploads\/2025\/10\/organiza-tu-herencia-hoy-para-evitar-problemas-manana.png 1080w\" sizes=\"(max-width: 240px) 100vw, 240px\" \/><\/div>\n\t\t<\/a>\n\t\t\t\t<div class=\"elementor-post__text\">\n\t\t\t\t<h3 class=\"elementor-post__title\">\n\t\t\t<a href=\"https:\/\/www.ramblaabogadosyasesores.com\/en\/organiza-tu-herencia-hoy-para-evitar-problemas-manana\/\" >\n\t\t\t\tOrganiza tu herencia hoy para evitar problemas ma\u00f1ana\t\t\t<\/a>\n\t\t<\/h3>\n\t\t\t\t<div class=\"elementor-post__excerpt\">\n\t\t\t<p>Hay decisiones que son dif\u00edciles de tomar, pero pueden evitar muchos conflictos despu\u00e9s.<\/p>\n\t\t<\/div>\n\t\t\t\t\t<a class=\"elementor-post__read-more\" href=\"https:\/\/www.ramblaabogadosyasesores.com\/en\/organiza-tu-herencia-hoy-para-evitar-problemas-manana\/\" >\n\t\t\t\tContinue reading\t\t\t<\/a>\n\t\t\t\t<\/div>\n\t\t\t\t<\/article>\n\t\t\t\t<article class=\"elementor-post elementor-grid-item post-3106 post type-post status-publish format-standard has-post-thumbnail hentry category-sin-categorizar\">\n\t\t\t\t<a class=\"elementor-post__thumbnail__link\" href=\"https:\/\/www.ramblaabogadosyasesores.com\/en\/tienes-una-propiedad-y-estas-pensando-en-venderla-antes-de-final-de-ano\/\" >\n\t\t\t<div class=\"elementor-post__thumbnail\"><img loading=\"lazy\" decoding=\"async\" width=\"240\" height=\"300\" src=\"https:\/\/www.ramblaabogadosyasesores.com\/wp-content\/uploads\/2025\/10\/tienes-una-propiedad-y-estas-pensando-240x300.png\" class=\"attachment-medium size-medium wp-image-3107\" alt=\"\" srcset=\"https:\/\/www.ramblaabogadosyasesores.com\/wp-content\/uploads\/2025\/10\/tienes-una-propiedad-y-estas-pensando-240x300.png 240w, https:\/\/www.ramblaabogadosyasesores.com\/wp-content\/uploads\/2025\/10\/tienes-una-propiedad-y-estas-pensando-819x1024.png 819w, https:\/\/www.ramblaabogadosyasesores.com\/wp-content\/uploads\/2025\/10\/tienes-una-propiedad-y-estas-pensando-768x960.png 768w, https:\/\/www.ramblaabogadosyasesores.com\/wp-content\/uploads\/2025\/10\/tienes-una-propiedad-y-estas-pensando.png 1080w\" sizes=\"(max-width: 240px) 100vw, 240px\" \/><\/div>\n\t\t<\/a>\n\t\t\t\t<div class=\"elementor-post__text\">\n\t\t\t\t<h3 class=\"elementor-post__title\">\n\t\t\t<a href=\"https:\/\/www.ramblaabogadosyasesores.com\/en\/tienes-una-propiedad-y-estas-pensando-en-venderla-antes-de-final-de-ano\/\" >\n\t\t\t\t\u00bfTienes una propiedad y est\u00e1s pensando en venderla antes de final de a\u00f1o?\t\t\t<\/a>\n\t\t<\/h3>\n\t\t\t\t<div class=\"elementor-post__excerpt\">\n\t\t\t<p>Vender un inmueble en el \u00faltimo trimestre puede tener ventajas&#8230; si lo haces con cabeza.<\/p>\n\t\t<\/div>\n\t\t\t\t\t<a class=\"elementor-post__read-more\" href=\"https:\/\/www.ramblaabogadosyasesores.com\/en\/tienes-una-propiedad-y-estas-pensando-en-venderla-antes-de-final-de-ano\/\" >\n\t\t\t\tContinue reading\t\t\t<\/a>\n\t\t\t\t<\/div>\n\t\t\t\t<\/article>\n\t\t\t\t<article class=\"elementor-post elementor-grid-item post-3101 post type-post status-publish format-standard has-post-thumbnail hentry category-sin-categorizar\">\n\t\t\t\t<a class=\"elementor-post__thumbnail__link\" href=\"https:\/\/www.ramblaabogadosyasesores.com\/en\/cierre-fiscal-del-ano-noviembre-para-anticiparte\/\" >\n\t\t\t<div class=\"elementor-post__thumbnail\"><img loading=\"lazy\" decoding=\"async\" width=\"240\" height=\"300\" src=\"https:\/\/www.ramblaabogadosyasesores.com\/wp-content\/uploads\/2025\/10\/cierre-fiscal-del-ano-240x300.png\" class=\"attachment-medium size-medium wp-image-3102\" alt=\"\" srcset=\"https:\/\/www.ramblaabogadosyasesores.com\/wp-content\/uploads\/2025\/10\/cierre-fiscal-del-ano-240x300.png 240w, https:\/\/www.ramblaabogadosyasesores.com\/wp-content\/uploads\/2025\/10\/cierre-fiscal-del-ano-819x1024.png 819w, https:\/\/www.ramblaabogadosyasesores.com\/wp-content\/uploads\/2025\/10\/cierre-fiscal-del-ano-768x960.png 768w, https:\/\/www.ramblaabogadosyasesores.com\/wp-content\/uploads\/2025\/10\/cierre-fiscal-del-ano.png 1080w\" sizes=\"(max-width: 240px) 100vw, 240px\" \/><\/div>\n\t\t<\/a>\n\t\t\t\t<div class=\"elementor-post__text\">\n\t\t\t\t<h3 class=\"elementor-post__title\">\n\t\t\t<a href=\"https:\/\/www.ramblaabogadosyasesores.com\/en\/cierre-fiscal-del-ano-noviembre-para-anticiparte\/\" >\n\t\t\t\tCierre fiscal del a\u00f1o: noviembre para anticiparte\t\t\t<\/a>\n\t\t<\/h3>\n\t\t\t\t<div class=\"elementor-post__excerpt\">\n\t\t\t<p>Optimiza tus gastos y reduce tu carga tributaria con nuestra ayuda.<\/p>\n\t\t<\/div>\n\t\t\t\t\t<a class=\"elementor-post__read-more\" href=\"https:\/\/www.ramblaabogadosyasesores.com\/en\/cierre-fiscal-del-ano-noviembre-para-anticiparte\/\" >\n\t\t\t\tContinue reading\t\t\t<\/a>\n\t\t\t\t<\/div>\n\t\t\t\t<\/article>\n\t\t\t\t<\/div>\n\t\t\t\t<nav class=\"elementor-pagination\" role=\"navigation\" aria-label=\"Pagination\">\n\t\t\t<span class=\"page-numbers prev\">&laquo; Previous<\/span>\n<span aria-current=\"page\" class=\"page-numbers current\"><span class=\"elementor-screen-only\">Page<\/span>1<\/span>\n<a class=\"page-numbers\" href=\"https:\/\/www.ramblaabogadosyasesores.com\/en\/wp-json\/wp\/v2\/pages\/2472\/page\/2\/\"><span class=\"elementor-screen-only\">Page<\/span>2<\/a>\n<a class=\"page-numbers\" href=\"https:\/\/www.ramblaabogadosyasesores.com\/en\/wp-json\/wp\/v2\/pages\/2472\/page\/3\/\"><span class=\"elementor-screen-only\">Page<\/span>3<\/a>\n<a class=\"page-numbers\" href=\"https:\/\/www.ramblaabogadosyasesores.com\/en\/wp-json\/wp\/v2\/pages\/2472\/page\/4\/\"><span class=\"elementor-screen-only\">Page<\/span>4<\/a>\n<a class=\"page-numbers\" href=\"https:\/\/www.ramblaabogadosyasesores.com\/en\/wp-json\/wp\/v2\/pages\/2472\/page\/5\/\"><span class=\"elementor-screen-only\">Page<\/span>5<\/a>\n<a class=\"page-numbers next\" href=\"https:\/\/www.ramblaabogadosyasesores.com\/en\/wp-json\/wp\/v2\/pages\/2472\/page\/2\/\">Next &raquo;<\/a>\t\t<\/nav>\n\t\t\t\t\t\t<\/div>\n\t\t\t\t<\/div>\n\t\t\t\t\t<\/div>\n\t\t<\/div>\n\t\t\t\t\t<\/div>\n\t\t<\/section>\n\t\t\t\t<\/div>\n\t\t","protected":false},"excerpt":{"rendered":"<p>Latest News<\/p>\n","protected":false},"author":1,"featured_media":0,"parent":0,"menu_order":0,"comment_status":"closed","ping_status":"closed","template":"","meta":{"_acf_changed":false,"footnotes":""},"class_list":["post-2472","page","type-page","status-publish","hentry"],"acf":[],"_links":{"self":[{"href":"https:\/\/www.ramblaabogadosyasesores.com\/en\/wp-json\/wp\/v2\/pages\/2472","targetHints":{"allow":["GET"]}}],"collection":[{"href":"https:\/\/www.ramblaabogadosyasesores.com\/en\/wp-json\/wp\/v2\/pages"}],"about":[{"href":"https:\/\/www.ramblaabogadosyasesores.com\/en\/wp-json\/wp\/v2\/types\/page"}],"author":[{"embeddable":true,"href":"https:\/\/www.ramblaabogadosyasesores.com\/en\/wp-json\/wp\/v2\/users\/1"}],"replies":[{"embeddable":true,"href":"https:\/\/www.ramblaabogadosyasesores.com\/en\/wp-json\/wp\/v2\/comments?post=2472"}],"version-history":[{"count":2,"href":"https:\/\/www.ramblaabogadosyasesores.com\/en\/wp-json\/wp\/v2\/pages\/2472\/revisions"}],"predecessor-version":[{"id":2758,"href":"https:\/\/www.ramblaabogadosyasesores.com\/en\/wp-json\/wp\/v2\/pages\/2472\/revisions\/2758"}],"wp:attachment":[{"href":"https:\/\/www.ramblaabogadosyasesores.com\/en\/wp-json\/wp\/v2\/media?parent=2472"}],"curies":[{"name":"wp","href":"https:\/\/api.w.org\/{rel}","templated":true}]}}