{"id":2486,"date":"2020-09-17T10:38:41","date_gmt":"2020-09-17T10:38:41","guid":{"rendered":"https:\/\/www.ramblaabogadosyasesores.com\/politica-de-cookies\/"},"modified":"2020-09-21T08:35:20","modified_gmt":"2020-09-21T08:35:20","slug":"politica-de-cookies","status":"publish","type":"page","link":"https:\/\/www.ramblaabogadosyasesores.com\/en\/politica-de-cookies\/","title":{"rendered":"Cookies Policy"},"content":{"rendered":"\t\t<div data-elementor-type=\"wp-page\" data-elementor-id=\"2486\" class=\"elementor elementor-2486 elementor-2441\">\n\t\t\t\t\t\t<section class=\"elementor-section elementor-top-section elementor-element elementor-element-bdb95cd elementor-section-boxed elementor-section-height-default elementor-section-height-default\" data-id=\"bdb95cd\" data-element_type=\"section\">\n\t\t\t\t\t\t<div class=\"elementor-container elementor-column-gap-default\">\n\t\t\t\t\t<div class=\"elementor-column elementor-col-100 elementor-top-column elementor-element elementor-element-6c5f41b\" data-id=\"6c5f41b\" data-element_type=\"column\">\n\t\t\t<div class=\"elementor-widget-wrap elementor-element-populated\">\n\t\t\t\t\t\t<div class=\"elementor-element elementor-element-bda0a0d elementor-widget elementor-widget-heading\" data-id=\"bda0a0d\" data-element_type=\"widget\" data-widget_type=\"heading.default\">\n\t\t\t\t<div class=\"elementor-widget-container\">\n\t\t\t\t\t<h2 class=\"elementor-heading-title elementor-size-default\">Cookies Policy<\/h2>\t\t\t\t<\/div>\n\t\t\t\t<\/div>\n\t\t\t\t\t<\/div>\n\t\t<\/div>\n\t\t\t\t\t<\/div>\n\t\t<\/section>\n\t\t\t\t<section class=\"elementor-section elementor-top-section elementor-element elementor-element-83b9bfc elementor-section-boxed elementor-section-height-default elementor-section-height-default\" data-id=\"83b9bfc\" data-element_type=\"section\">\n\t\t\t\t\t\t<div class=\"elementor-container elementor-column-gap-wide\">\n\t\t\t\t\t<div class=\"elementor-column elementor-col-50 elementor-top-column elementor-element elementor-element-a87730f\" data-id=\"a87730f\" data-element_type=\"column\">\n\t\t\t<div class=\"elementor-widget-wrap elementor-element-populated\">\n\t\t\t\t\t\t<div class=\"elementor-element elementor-element-07d7b65 elementor-widget elementor-widget-text-editor\" data-id=\"07d7b65\" data-element_type=\"widget\" data-widget_type=\"text-editor.default\">\n\t\t\t\t<div class=\"elementor-widget-container\">\n\t\t\t\t\t\t\t\t\t<p>En cumplimiento con lo dispuesto en el art\u00edculo 22.2 de la Ley 34\/2002, de 11 de julio, de Servicios de la Sociedad de la Informaci\u00f3n y de Comercio Electr\u00f3nico, esta p\u00e1gina web le informa, en esta secci\u00f3n, sobre la pol\u00edtica de recogida y tratamiento de cookies.<\/p>\n<h4>\u00bfQu\u00e9 son las cookies?<\/h4>\n<p>Una cookie es un fichero que se descarga en su ordenador al acceder a determinadas p\u00e1ginas web. Las cookies permiten a una p\u00e1gina web, entre otras cosas, almacenar y recuperar informaci\u00f3n sobre los h\u00e1bitos de navegaci\u00f3n de un usuario o de su equipo y, dependiendo de la informaci\u00f3n que contengan y de la forma en que utilice su equipo, pueden utilizarse para reconocer al usuario.<\/p>\n<p>Escribe un listado sobre el tipo de cookies que utiliza la p\u00e1gina web y su finalidad.<\/p>\n\t\t\t\t\t\t\t\t<\/div>\n\t\t\t\t<\/div>\n\t\t\t\t\t<\/div>\n\t\t<\/div>\n\t\t\t\t<div class=\"elementor-column elementor-col-50 elementor-top-column elementor-element elementor-element-5771c70\" data-id=\"5771c70\" data-element_type=\"column\">\n\t\t\t<div class=\"elementor-widget-wrap elementor-element-populated\">\n\t\t\t\t\t\t<div class=\"elementor-element elementor-element-f1025e0 elementor-widget elementor-widget-text-editor\" data-id=\"f1025e0\" data-element_type=\"widget\" data-widget_type=\"text-editor.default\">\n\t\t\t\t<div class=\"elementor-widget-container\">\n\t\t\t\t\t\t\t\t\t<table>\n<tbody>\n<tr>\n<td><strong>COOKIE \u2028(Y PROVEEDOR)<\/strong><\/td>\n<td><strong>DURACI\u00d3N<\/strong><\/td>\n<td><strong>DESCRIPCI\u00d3N<\/strong><\/td>\n<\/tr>\n<tr>\n<td>__cfduid (notin.es)<\/td>\n<td>Sesi\u00f3n<\/td>\n<td>Publicidad<\/td>\n<\/tr>\n<tr>\n<td>personalization_id (twitter.com)<\/td>\n<td>Sesi\u00f3n<\/td>\n<td>Twitter<\/td>\n<\/tr>\n<tr>\n<td>Facebook<\/td>\n<td>Publicidad, estad\u00edsticas y mediciones<\/td>\n<td>Coloca Cookies en el ordenador o dispositivo y recibe la informaci\u00f3n almacenada en ellas cuando utilizas o visitas servicios prestados por otras empresas que utilizan los servicios de Facebook.<\/td>\n<\/tr>\n<tr>\n<td>_ga (Google)<\/td>\n<td>2 a\u00f1os<\/td>\n<td>Se usa para distinguir a los usuarios.<\/td>\n<\/tr>\n<tr>\n<td>_gid (Google)<\/td>\n<td>24 horas<\/td>\n<td>Se usa para distinguir a los usuarios.<\/td>\n<\/tr>\n<tr>\n<td>_gat (Google)<\/td>\n<td>1\u00a0 minuto<\/td>\n<td>Se usa para limitar el porcentaje de solicitudes. Si has implementado Google Analytics mediante Google\u00a0 Tag\u00a0 Manager, esta cookie se llamar\u00e1 _dc_gtm_.<\/td>\n<\/tr>\n<tr>\n<td>_gali (Google)<\/td>\n<td>30s<\/td>\n<td>Atribuci\u00f3n de enlace mejorada.<\/td>\n<\/tr>\n<tr>\n<td>WordPress<\/td>\n<td>2 a\u00f1os<\/td>\n<td>Utilizado para el correcto funcionamiento del gestor de contenido WordPress.<\/td>\n<\/tr>\n<\/tbody>\n<\/table>\n<p><\/p>\n\t\t\t\t\t\t\t\t<\/div>\n\t\t\t\t<\/div>\n\t\t\t\t\t<\/div>\n\t\t<\/div>\n\t\t\t\t\t<\/div>\n\t\t<\/section>\n\t\t\t\t<\/div>\n\t\t","protected":false},"excerpt":{"rendered":"<p>En cumplimiento con lo dispuesto en el art\u00edculo 22.2 de la Ley 34\/2002, de 11 de julio, de Servicios de la Sociedad de la Informaci\u00f3n y de Comercio Electr\u00f3nico, esta p\u00e1gina web le informa, en esta secci\u00f3n, sobre la pol\u00edtica de recogida y tratamiento de cookies. \u00bfQu\u00e9 son las cookies? Una cookie es un fichero [&hellip;]<\/p>\n","protected":false},"author":1,"featured_media":0,"parent":0,"menu_order":0,"comment_status":"closed","ping_status":"closed","template":"","meta":{"_acf_changed":false,"footnotes":""},"class_list":["post-2486","page","type-page","status-publish","hentry"],"acf":[],"_links":{"self":[{"href":"https:\/\/www.ramblaabogadosyasesores.com\/en\/wp-json\/wp\/v2\/pages\/2486","targetHints":{"allow":["GET"]}}],"collection":[{"href":"https:\/\/www.ramblaabogadosyasesores.com\/en\/wp-json\/wp\/v2\/pages"}],"about":[{"href":"https:\/\/www.ramblaabogadosyasesores.com\/en\/wp-json\/wp\/v2\/types\/page"}],"author":[{"embeddable":true,"href":"https:\/\/www.ramblaabogadosyasesores.com\/en\/wp-json\/wp\/v2\/users\/1"}],"replies":[{"embeddable":true,"href":"https:\/\/www.ramblaabogadosyasesores.com\/en\/wp-json\/wp\/v2\/comments?post=2486"}],"version-history":[{"count":2,"href":"https:\/\/www.ramblaabogadosyasesores.com\/en\/wp-json\/wp\/v2\/pages\/2486\/revisions"}],"predecessor-version":[{"id":2674,"href":"https:\/\/www.ramblaabogadosyasesores.com\/en\/wp-json\/wp\/v2\/pages\/2486\/revisions\/2674"}],"wp:attachment":[{"href":"https:\/\/www.ramblaabogadosyasesores.com\/en\/wp-json\/wp\/v2\/media?parent=2486"}],"curies":[{"name":"wp","href":"https:\/\/api.w.org\/{rel}","templated":true}]}}